{"id":22,"date":"2025-03-02T15:33:57","date_gmt":"2025-03-02T14:33:57","guid":{"rendered":"http:\/\/brunetons.fr\/?page_id=22"},"modified":"2025-03-16T15:31:51","modified_gmt":"2025-03-16T14:31:51","slug":"briancon","status":"publish","type":"page","link":"https:\/\/brunetons.fr\/index.php\/briancon\/","title":{"rendered":"BRIANCON"},"content":{"rendered":"\n<p><strong>Bienvenue \u00e0 Brian\u00e7on, un coin de paradis alpin !<\/strong> \u26f0\ufe0f\u2728<\/p>\n\n\n\n<figure class=\"wp-block-image size-large\"><img loading=\"lazy\" decoding=\"async\" width=\"1024\" height=\"768\" src=\"https:\/\/brunetons.fr\/wp-content\/uploads\/2025\/03\/IMG_20240315_170907-1024x768.jpg\" alt=\"\" class=\"wp-image-24\" srcset=\"https:\/\/brunetons.fr\/wp-content\/uploads\/2025\/03\/IMG_20240315_170907-1024x768.jpg 1024w, https:\/\/brunetons.fr\/wp-content\/uploads\/2025\/03\/IMG_20240315_170907-300x225.jpg 300w, https:\/\/brunetons.fr\/wp-content\/uploads\/2025\/03\/IMG_20240315_170907-768x576.jpg 768w, https:\/\/brunetons.fr\/wp-content\/uploads\/2025\/03\/IMG_20240315_170907-1536x1152.jpg 1536w, https:\/\/brunetons.fr\/wp-content\/uploads\/2025\/03\/IMG_20240315_170907-2048x1536.jpg 2048w, https:\/\/brunetons.fr\/wp-content\/uploads\/2025\/03\/IMG_20240315_170907-600x450.jpg 600w, https:\/\/brunetons.fr\/wp-content\/uploads\/2025\/03\/IMG_20240315_170907-945x709.jpg 945w\" sizes=\"auto, (max-width: 1024px) 100vw, 1024px\" \/><\/figure>\n\n\n\n<p>Nich\u00e9e au c\u0153ur des Hautes-Alpes, <strong>Brian\u00e7on<\/strong> est bien plus qu\u2019une simple ville : c\u2019est un v\u00e9ritable \u00e9crin de nature et d\u2019histoire, o\u00f9 les sommets majestueux c\u00f4toient des ruelles pleines de charme. Entre ses fortifications class\u00e9es \u00e0 l\u2019UNESCO, son air pur et ses paysages \u00e0 couper le souffle, difficile de ne pas tomber sous le charme !<\/p>\n\n\n\n<p>Et pour nous, cette r\u00e9gion est encore plus sp\u00e9ciale\u2026 \ud83d\udc99 C\u2019est ici que vivent notre fille <strong>Domitille<\/strong> et ses deux merveilleux gar\u00e7ons, <strong>Th\u00e9o et Lucien<\/strong>. Un endroit o\u00f9 la beaut\u00e9 des montagnes rime avec chaleur familiale et souvenirs pr\u00e9cieux.<\/p>\n\n\n\n<p>Que vous soyez amateur de randonn\u00e9es, passionn\u00e9 d\u2019histoire ou simplement en qu\u00eate d\u2019un grand bol d\u2019air frais, vous \u00eates les bienvenus dans notre appartement\u2026 \ud83d\udeb6\u200d\u2642\ufe0f\ud83c\udfd4\ufe0f<\/p>\n","protected":false},"excerpt":{"rendered":"<p>Bienvenue \u00e0 Brian\u00e7on, un coin de paradis alpin ! \u26f0\ufe0f\u2728 Nich\u00e9e au c\u0153ur des Hautes-Alpes, Brian\u00e7on est bien plus qu\u2019une simple ville : c\u2019est un v\u00e9ritable \u00e9crin de nature et d\u2019histoire, o\u00f9 les sommets majestueux c\u00f4toient des ruelles pleines de charme. Entre ses fortifications class\u00e9es \u00e0 l\u2019UNESCO, son air pur et ses paysages \u00e0 couper &hellip; <a href=\"https:\/\/brunetons.fr\/index.php\/briancon\/\" class=\"more-link\">Continuer la lecture de <span class=\"screen-reader-text\">BRIANCON<\/span>  <span class=\"meta-nav\">&rarr;<\/span><\/a><\/p>\n","protected":false},"author":1,"featured_media":0,"parent":0,"menu_order":0,"comment_status":"closed","ping_status":"closed","template":"","meta":{"footnotes":""},"class_list":["post-22","page","type-page","status-publish","hentry"],"_links":{"self":[{"href":"https:\/\/brunetons.fr\/index.php\/wp-json\/wp\/v2\/pages\/22","targetHints":{"allow":["GET"]}}],"collection":[{"href":"https:\/\/brunetons.fr\/index.php\/wp-json\/wp\/v2\/pages"}],"about":[{"href":"https:\/\/brunetons.fr\/index.php\/wp-json\/wp\/v2\/types\/page"}],"author":[{"embeddable":true,"href":"https:\/\/brunetons.fr\/index.php\/wp-json\/wp\/v2\/users\/1"}],"replies":[{"embeddable":true,"href":"https:\/\/brunetons.fr\/index.php\/wp-json\/wp\/v2\/comments?post=22"}],"version-history":[{"count":3,"href":"https:\/\/brunetons.fr\/index.php\/wp-json\/wp\/v2\/pages\/22\/revisions"}],"predecessor-version":[{"id":244,"href":"https:\/\/brunetons.fr\/index.php\/wp-json\/wp\/v2\/pages\/22\/revisions\/244"}],"wp:attachment":[{"href":"https:\/\/brunetons.fr\/index.php\/wp-json\/wp\/v2\/media?parent=22"}],"curies":[{"name":"wp","href":"https:\/\/api.w.org\/{rel}","templated":true}]}}