{"id":42,"date":"2025-03-02T16:15:07","date_gmt":"2025-03-02T15:15:07","guid":{"rendered":"https:\/\/brunetons.fr\/?page_id=42"},"modified":"2025-07-31T20:01:41","modified_gmt":"2025-07-31T18:01:41","slug":"domino","status":"publish","type":"page","link":"https:\/\/brunetons.fr\/index.php\/domino\/","title":{"rendered":"OLERON"},"content":{"rendered":"\n<figure class=\"wp-block-image size-large\"><img loading=\"lazy\" decoding=\"async\" width=\"1024\" height=\"768\" src=\"https:\/\/brunetons.fr\/wp-content\/uploads\/2025\/03\/P8210239-1024x768.jpg\" alt=\"\" class=\"wp-image-241\" srcset=\"https:\/\/brunetons.fr\/wp-content\/uploads\/2025\/03\/P8210239-1024x768.jpg 1024w, https:\/\/brunetons.fr\/wp-content\/uploads\/2025\/03\/P8210239-300x225.jpg 300w, https:\/\/brunetons.fr\/wp-content\/uploads\/2025\/03\/P8210239-768x576.jpg 768w, https:\/\/brunetons.fr\/wp-content\/uploads\/2025\/03\/P8210239-1536x1152.jpg 1536w, https:\/\/brunetons.fr\/wp-content\/uploads\/2025\/03\/P8210239-2048x1536.jpg 2048w\" sizes=\"auto, (max-width: 1024px) 100vw, 1024px\" \/><\/figure>\n\n\n\n<p>Ench\u00e2ss\u00e9 sur l\u2019\u00cele d\u2019Ol\u00e9ron, <strong>Domino<\/strong> est bien plus qu\u2019un simple village : c\u2019est un lieu charg\u00e9 d\u2019histoire, t\u00e9moin de <strong>quatre g\u00e9n\u00e9rations de souvenirs familiaux<\/strong>. Ici, entre  ruelles paisibles et for\u00eats de pins, se tissent les liens de notre famille, au fil des \u00e9t\u00e9s ensoleill\u00e9s et des escapades de l&rsquo;ann\u00e9e.<\/p>\n\n\n\n<p>On y retrouve l\u2019odeur de l\u2019Atlantique, le plaisir des balades en <strong>v\u00e9lo<\/strong> sur les chemins sablonneux, les d\u00e9lices des <strong>hu\u00eetres fra\u00eechement ouvertes<\/strong>, et l\u2019ambiance anim\u00e9e du <strong>march\u00e9<\/strong> o\u00f9 chacun trouve son bonheur. Sans oublier les journ\u00e9es pass\u00e9es sur la <strong>plage<\/strong>, entre ch\u00e2teaux de sable, baignades et couchers de soleil inoubliables\u2026voire les nuits magnifiquement \u00e9toil\u00e9es.<\/p>\n\n\n\n<p>Chaque coin de Domino r\u00e9sonne des retrouvailles entre cousins, de toutes g\u00e9n\u00e9ration, d\u2019ann\u00e9e en ann\u00e9e. Ce lieu magique, par sa simplicit\u00e9 et son calme, est notre rep\u00e8re, un fil invisible qui relie les g\u00e9n\u00e9rations.<\/p>\n","protected":false},"excerpt":{"rendered":"<p>Ench\u00e2ss\u00e9 sur l\u2019\u00cele d\u2019Ol\u00e9ron, Domino est bien plus qu\u2019un simple village : c\u2019est un lieu charg\u00e9 d\u2019histoire, t\u00e9moin de quatre g\u00e9n\u00e9rations de souvenirs familiaux. Ici, entre ruelles paisibles et for\u00eats de pins, se tissent les liens de notre famille, au fil des \u00e9t\u00e9s ensoleill\u00e9s et des escapades de l&rsquo;ann\u00e9e. On y retrouve l\u2019odeur de l\u2019Atlantique, &hellip; <a href=\"https:\/\/brunetons.fr\/index.php\/domino\/\" class=\"more-link\">Continuer la lecture de <span class=\"screen-reader-text\">OLERON<\/span>  <span class=\"meta-nav\">&rarr;<\/span><\/a><\/p>\n","protected":false},"author":1,"featured_media":0,"parent":0,"menu_order":0,"comment_status":"closed","ping_status":"closed","template":"","meta":{"footnotes":""},"class_list":["post-42","page","type-page","status-publish","hentry"],"_links":{"self":[{"href":"https:\/\/brunetons.fr\/index.php\/wp-json\/wp\/v2\/pages\/42","targetHints":{"allow":["GET"]}}],"collection":[{"href":"https:\/\/brunetons.fr\/index.php\/wp-json\/wp\/v2\/pages"}],"about":[{"href":"https:\/\/brunetons.fr\/index.php\/wp-json\/wp\/v2\/types\/page"}],"author":[{"embeddable":true,"href":"https:\/\/brunetons.fr\/index.php\/wp-json\/wp\/v2\/users\/1"}],"replies":[{"embeddable":true,"href":"https:\/\/brunetons.fr\/index.php\/wp-json\/wp\/v2\/comments?post=42"}],"version-history":[{"count":4,"href":"https:\/\/brunetons.fr\/index.php\/wp-json\/wp\/v2\/pages\/42\/revisions"}],"predecessor-version":[{"id":1198,"href":"https:\/\/brunetons.fr\/index.php\/wp-json\/wp\/v2\/pages\/42\/revisions\/1198"}],"wp:attachment":[{"href":"https:\/\/brunetons.fr\/index.php\/wp-json\/wp\/v2\/media?parent=42"}],"curies":[{"name":"wp","href":"https:\/\/api.w.org\/{rel}","templated":true}]}}