{"id":5,"date":"2025-03-02T14:33:51","date_gmt":"2025-03-02T13:33:51","guid":{"rendered":"http:\/\/brunetons.fr\/?page_id=5"},"modified":"2025-03-16T15:35:48","modified_gmt":"2025-03-16T14:35:48","slug":"saint-helene","status":"publish","type":"page","link":"https:\/\/brunetons.fr\/index.php\/saint-helene\/","title":{"rendered":"SAINT HELENE"},"content":{"rendered":"\n<figure class=\"wp-block-image size-large\"><img loading=\"lazy\" decoding=\"async\" width=\"1024\" height=\"768\" src=\"https:\/\/brunetons.fr\/wp-content\/uploads\/2025\/03\/IMG_20241109_153618-1024x768.jpg\" alt=\"\" class=\"wp-image-247\" srcset=\"https:\/\/brunetons.fr\/wp-content\/uploads\/2025\/03\/IMG_20241109_153618-1024x768.jpg 1024w, https:\/\/brunetons.fr\/wp-content\/uploads\/2025\/03\/IMG_20241109_153618-300x225.jpg 300w, https:\/\/brunetons.fr\/wp-content\/uploads\/2025\/03\/IMG_20241109_153618-768x576.jpg 768w, https:\/\/brunetons.fr\/wp-content\/uploads\/2025\/03\/IMG_20241109_153618-1536x1152.jpg 1536w, https:\/\/brunetons.fr\/wp-content\/uploads\/2025\/03\/IMG_20241109_153618-2048x1536.jpg 2048w\" sizes=\"auto, (max-width: 1024px) 100vw, 1024px\" \/><\/figure>\n\n\n\n<p><strong>Bienvenue sur l&rsquo;\u00cele de Saint-H\u00e9l\u00e8ne, notre \u00eelot de souvenirs<\/strong> \ud83c\udf0a\ud83c\udf3f<\/p>\n\n\n\n<p>Perdue au c\u0153ur de l&rsquo;Atlantique, <strong>Sainte-H\u00e9l\u00e8ne<\/strong> est un lieu hors du temps et de l&rsquo;espace, o\u00f9 toi, <strong>R\u00e9mi<\/strong>, tu as pos\u00e9 ton ancre. Tu nous a laiss\u00e9 bien plus que son empreinte : <strong>deux magnifiques petits-enfants<\/strong>, reflets de son esprit libre et aventurier, et une infinit\u00e9 de souvenirs grav\u00e9s dans nos c\u0153urs.<\/p>\n\n\n\n<p>\u26f5 <strong>Une vie entre mer et ciel<\/strong> \u2728<br>Les jours pass\u00e9s avec toi, R\u00e9mi \u00e9taient rythm\u00e9s par les <strong>balades sur les sentiers sauvages<\/strong>, les sorties en <strong>voile<\/strong>, les envols en <strong>parapente<\/strong>, et les moments de partage autour d&rsquo;une partie de <strong>p\u00eache<\/strong> ou d&rsquo;une sortie en <strong>bateau<\/strong>. Chaque instant \u00e9tait une aventure, chaque rencontre une histoire \u00e0 raconter.<\/p>\n\n\n\n<p>\ud83e\udd1d <strong>Des liens tiss\u00e9s au fil des mar\u00e9es<\/strong> \ud83c\udf0f<br>Sur cette \u00eele unique, R\u00e9mi, tu as trouv\u00e9 bien plus qu\u2019un refuge : tu as rencontr\u00e9 <strong>Sophy<\/strong>, la m\u00e8re de nos petits-enfants. Ici, au sein une communaut\u00e9 entre natifs et voyageurs de passage, chacun apporte son bout d\u2019histoire, ou seulement son signe de la main.<\/p>\n\n\n\n<p>\ud83d\udc99 <strong>Un lieu o\u00f9 tu vis encore \u00e0 travers nous<\/strong><br>Sainte-H\u00e9l\u00e8ne n\u2019est pas seulement une \u00eele perdue dans l\u2019oc\u00e9an, c\u2019est un morceau de notre histoire, un espace o\u00f9 tu continues d\u2019exister dans chaque vague, chaque souffle du vent, chaque \u00e9clats de rire de tes enfants. C\u2019est un lieu de m\u00e9moire, mais aussi un endroit o\u00f9 la vie continue de se c\u00e9l\u00e9brer, \u00e0 chaque instant.<\/p>\n\n\n\n<p>\ud83c\udf0a <strong>Bienvenue sur notre \u00eele de c\u0153ur, bienvenue chez R\u00e9mi.<\/strong><\/p>\n\n\n\n<div class=\"wp-block-cover\"><span aria-hidden=\"true\" class=\"wp-block-cover__background has-background-dim\"><\/span><img loading=\"lazy\" decoding=\"async\" width=\"1024\" height=\"768\" class=\"wp-block-cover__image-background wp-image-46\" alt=\"\" src=\"https:\/\/brunetons.fr\/wp-content\/uploads\/2025\/03\/P1013408-1024x768.jpg\" data-object-fit=\"cover\" srcset=\"https:\/\/brunetons.fr\/wp-content\/uploads\/2025\/03\/P1013408-1024x768.jpg 1024w, https:\/\/brunetons.fr\/wp-content\/uploads\/2025\/03\/P1013408-300x225.jpg 300w, https:\/\/brunetons.fr\/wp-content\/uploads\/2025\/03\/P1013408-768x576.jpg 768w, https:\/\/brunetons.fr\/wp-content\/uploads\/2025\/03\/P1013408-1536x1152.jpg 1536w, https:\/\/brunetons.fr\/wp-content\/uploads\/2025\/03\/P1013408-2048x1536.jpg 2048w, https:\/\/brunetons.fr\/wp-content\/uploads\/2025\/03\/P1013408-600x450.jpg 600w, https:\/\/brunetons.fr\/wp-content\/uploads\/2025\/03\/P1013408-945x709.jpg 945w\" sizes=\"auto, (max-width: 1024px) 100vw, 1024px\" \/><div class=\"wp-block-cover__inner-container is-layout-flow wp-block-cover-is-layout-flow\">\n<p class=\"has-text-align-center has-large-font-size\"><\/p>\n<\/div><\/div>\n","protected":false},"excerpt":{"rendered":"<p>Bienvenue sur l&rsquo;\u00cele de Saint-H\u00e9l\u00e8ne, notre \u00eelot de souvenirs \ud83c\udf0a\ud83c\udf3f Perdue au c\u0153ur de l&rsquo;Atlantique, Sainte-H\u00e9l\u00e8ne est un lieu hors du temps et de l&rsquo;espace, o\u00f9 toi, R\u00e9mi, tu as pos\u00e9 ton ancre. Tu nous a laiss\u00e9 bien plus que son empreinte : deux magnifiques petits-enfants, reflets de son esprit libre et aventurier, et une &hellip; <a href=\"https:\/\/brunetons.fr\/index.php\/saint-helene\/\" class=\"more-link\">Continuer la lecture de <span class=\"screen-reader-text\">SAINT HELENE<\/span>  <span class=\"meta-nav\">&rarr;<\/span><\/a><\/p>\n","protected":false},"author":1,"featured_media":0,"parent":0,"menu_order":0,"comment_status":"closed","ping_status":"closed","template":"","meta":{"footnotes":"[]"},"class_list":["post-5","page","type-page","status-publish","hentry"],"_links":{"self":[{"href":"https:\/\/brunetons.fr\/index.php\/wp-json\/wp\/v2\/pages\/5","targetHints":{"allow":["GET"]}}],"collection":[{"href":"https:\/\/brunetons.fr\/index.php\/wp-json\/wp\/v2\/pages"}],"about":[{"href":"https:\/\/brunetons.fr\/index.php\/wp-json\/wp\/v2\/types\/page"}],"author":[{"embeddable":true,"href":"https:\/\/brunetons.fr\/index.php\/wp-json\/wp\/v2\/users\/1"}],"replies":[{"embeddable":true,"href":"https:\/\/brunetons.fr\/index.php\/wp-json\/wp\/v2\/comments?post=5"}],"version-history":[{"count":10,"href":"https:\/\/brunetons.fr\/index.php\/wp-json\/wp\/v2\/pages\/5\/revisions"}],"predecessor-version":[{"id":249,"href":"https:\/\/brunetons.fr\/index.php\/wp-json\/wp\/v2\/pages\/5\/revisions\/249"}],"wp:attachment":[{"href":"https:\/\/brunetons.fr\/index.php\/wp-json\/wp\/v2\/media?parent=5"}],"curies":[{"name":"wp","href":"https:\/\/api.w.org\/{rel}","templated":true}]}}