{"id":55,"date":"2025-03-02T16:49:46","date_gmt":"2025-03-02T15:49:46","guid":{"rendered":"https:\/\/brunetons.fr\/?page_id=55"},"modified":"2025-03-16T15:33:38","modified_gmt":"2025-03-16T14:33:38","slug":"kerroux","status":"publish","type":"page","link":"https:\/\/brunetons.fr\/index.php\/kerroux\/","title":{"rendered":"KERROUX"},"content":{"rendered":"\n<figure class=\"wp-block-image size-large\"><img loading=\"lazy\" decoding=\"async\" width=\"1024\" height=\"768\" src=\"https:\/\/brunetons.fr\/wp-content\/uploads\/2025\/03\/IMG_20240715_212626-1024x768.jpg\" alt=\"\" class=\"wp-image-245\" srcset=\"https:\/\/brunetons.fr\/wp-content\/uploads\/2025\/03\/IMG_20240715_212626-1024x768.jpg 1024w, https:\/\/brunetons.fr\/wp-content\/uploads\/2025\/03\/IMG_20240715_212626-300x225.jpg 300w, https:\/\/brunetons.fr\/wp-content\/uploads\/2025\/03\/IMG_20240715_212626-768x576.jpg 768w, https:\/\/brunetons.fr\/wp-content\/uploads\/2025\/03\/IMG_20240715_212626-1536x1152.jpg 1536w, https:\/\/brunetons.fr\/wp-content\/uploads\/2025\/03\/IMG_20240715_212626-2048x1536.jpg 2048w\" sizes=\"auto, (max-width: 1024px) 100vw, 1024px\" \/><\/figure>\n\n\n\n<p>Kerroux, ce petit hameau cach\u00e9 sur la falaise de la presqu&rsquo;\u00eele de Crozon, est un lieu charg\u00e9 d\u2019histoire et de beaut\u00e9 sauvage. C&rsquo;est ici que Jacques et Marguerite ont trouv\u00e9 leur havre de paix pour leurs vacances d&rsquo;\u00e9t\u00e9 \u00e0 leurs vieux jours, un endroit o\u00f9 la nature brute et le vent de l\u2019Atlantique se m\u00e9langent pour cr\u00e9er une atmosph\u00e8re unique. Mais ce n&rsquo;est pas seulement un lieu du pass\u00e9 ; il est devenu le c\u0153ur d&rsquo;un h\u00e9ritage familial, un lieu que leurs enfants et petits-enfants, \u00e0 commencer par toi, R\u00e9mi, ont instantan\u00e9ment adopt\u00e9, et que toi, Brigitte, tu as su pr\u00e9server. <\/p>\n\n\n\n<p>La nature sauvage et vent\u00e9e de Kerroux t&rsquo;a marqu\u00e9, R\u00e9mi, et tu as su retrouver cette m\u00eame magie dans tes voyages, jusqu&rsquo;\u00e0 d\u00e9couvrir un autre lieu tout aussi myst\u00e9rieux : l\u2019\u00eele Sainte-H\u00e9l\u00e8ne.<\/p>\n\n\n\n<p>Kerroux, c&rsquo;est un m\u00e9lange de vieilles pierres de granit, de landes d&rsquo;ajoncs qui se balancent sous le vent, et de m\u00e9t\u00e9o capricieuse. Mais malgr\u00e9 les intemp\u00e9ries, il y a toujours ce soleil \u00e9clatant qui se faufile entre les nuages, offrant une vue \u00e0 couper le souffle sur l&rsquo;oc\u00e9an Atlantique. C&rsquo;est un endroit o\u00f9 l&rsquo;on se sent revivre, un lieu auquel on sait qu&rsquo;on reviendra toujours, comme une promesse de resourcement, de calme et d&rsquo;\u00e9vasion.<\/p>\n","protected":false},"excerpt":{"rendered":"<p>Kerroux, ce petit hameau cach\u00e9 sur la falaise de la presqu&rsquo;\u00eele de Crozon, est un lieu charg\u00e9 d\u2019histoire et de beaut\u00e9 sauvage. C&rsquo;est ici que Jacques et Marguerite ont trouv\u00e9 leur havre de paix pour leurs vacances d&rsquo;\u00e9t\u00e9 \u00e0 leurs vieux jours, un endroit o\u00f9 la nature brute et le vent de l\u2019Atlantique se m\u00e9langent &hellip; <a href=\"https:\/\/brunetons.fr\/index.php\/kerroux\/\" class=\"more-link\">Continuer la lecture de <span class=\"screen-reader-text\">KERROUX<\/span>  <span class=\"meta-nav\">&rarr;<\/span><\/a><\/p>\n","protected":false},"author":1,"featured_media":0,"parent":0,"menu_order":0,"comment_status":"closed","ping_status":"closed","template":"","meta":{"footnotes":""},"class_list":["post-55","page","type-page","status-publish","hentry"],"_links":{"self":[{"href":"https:\/\/brunetons.fr\/index.php\/wp-json\/wp\/v2\/pages\/55","targetHints":{"allow":["GET"]}}],"collection":[{"href":"https:\/\/brunetons.fr\/index.php\/wp-json\/wp\/v2\/pages"}],"about":[{"href":"https:\/\/brunetons.fr\/index.php\/wp-json\/wp\/v2\/types\/page"}],"author":[{"embeddable":true,"href":"https:\/\/brunetons.fr\/index.php\/wp-json\/wp\/v2\/users\/1"}],"replies":[{"embeddable":true,"href":"https:\/\/brunetons.fr\/index.php\/wp-json\/wp\/v2\/comments?post=55"}],"version-history":[{"count":2,"href":"https:\/\/brunetons.fr\/index.php\/wp-json\/wp\/v2\/pages\/55\/revisions"}],"predecessor-version":[{"id":246,"href":"https:\/\/brunetons.fr\/index.php\/wp-json\/wp\/v2\/pages\/55\/revisions\/246"}],"wp:attachment":[{"href":"https:\/\/brunetons.fr\/index.php\/wp-json\/wp\/v2\/media?parent=55"}],"curies":[{"name":"wp","href":"https:\/\/api.w.org\/{rel}","templated":true}]}}