{"id":63,"date":"2025-03-02T17:11:03","date_gmt":"2025-03-02T16:11:03","guid":{"rendered":"https:\/\/brunetons.fr\/?page_id=63"},"modified":"2025-03-16T15:37:03","modified_gmt":"2025-03-16T14:37:03","slug":"saint-nicolas-de-veroce","status":"publish","type":"page","link":"https:\/\/brunetons.fr\/index.php\/saint-nicolas-de-veroce\/","title":{"rendered":"Saint-Nicolas de V\u00e9roce"},"content":{"rendered":"\n<p><\/p>\n\n\n\n<figure class=\"wp-block-image size-large\"><img loading=\"lazy\" decoding=\"async\" width=\"679\" height=\"1024\" src=\"https:\/\/brunetons.fr\/wp-content\/uploads\/2025\/03\/DSC01762-1-679x1024.jpg\" alt=\"\" class=\"wp-image-77\" srcset=\"https:\/\/brunetons.fr\/wp-content\/uploads\/2025\/03\/DSC01762-1-679x1024.jpg 679w, https:\/\/brunetons.fr\/wp-content\/uploads\/2025\/03\/DSC01762-1-199x300.jpg 199w, https:\/\/brunetons.fr\/wp-content\/uploads\/2025\/03\/DSC01762-1-768x1158.jpg 768w, https:\/\/brunetons.fr\/wp-content\/uploads\/2025\/03\/DSC01762-1-600x904.jpg 600w, https:\/\/brunetons.fr\/wp-content\/uploads\/2025\/03\/DSC01762-1.jpg 812w\" sizes=\"auto, (max-width: 679px) 100vw, 679px\" \/><\/figure>\n\n\n\n<p>St Nicolas de V\u00e9roce, ce charmant village de Haute-Savoie, \u00e0 1200 m\u00e8tres d&rsquo;altitude, a \u00e9t\u00e9 le cadre d\u2019un moment inoubliable, gr\u00e2ce \u00e0 la gentillesse de Suzanne qui nous a pr\u00eat\u00e9 son chalet. Ce geste nous a permis de nous retrouver tous ensemble dans un univers enneig\u00e9, totalement transform\u00e9 par la magie de l\u2019hiver. C\u2019\u00e9tait un lieu o\u00f9 le temps s&rsquo;est arr\u00eat\u00e9 autour de nous sept, o\u00f9 la neige et la simplicit\u00e9 familiale recouvraient tout, en une atmosph\u00e8re unique.<\/p>\n\n\n\n<p>Et puis, il y a eu toi, Ebony, qui, pour la premi\u00e8re fois, a d\u00e9couvert la neige. Ce fut un \u00e9merveillement de te voir d\u00e9couvrir ce monde glac\u00e9, les flocons tombant doucement, le froid vivifiant, et cette sensation toute nouvelle sur ton visage. Ce fut un moment rare et pr\u00e9cieux o\u00f9 la nature et les \u00e9motions se m\u00ealent pour cr\u00e9er des souvenirs \u00e0 jamais grav\u00e9s dans nos c\u0153urs. Un rassemblement familial dans un d\u00e9cor magique, o\u00f9 chaque instant \u00e9tait un cadeau.<\/p>\n","protected":false},"excerpt":{"rendered":"<p>St Nicolas de V\u00e9roce, ce charmant village de Haute-Savoie, \u00e0 1200 m\u00e8tres d&rsquo;altitude, a \u00e9t\u00e9 le cadre d\u2019un moment inoubliable, gr\u00e2ce \u00e0 la gentillesse de Suzanne qui nous a pr\u00eat\u00e9 son chalet. Ce geste nous a permis de nous retrouver tous ensemble dans un univers enneig\u00e9, totalement transform\u00e9 par la magie de l\u2019hiver. C\u2019\u00e9tait un &hellip; <a href=\"https:\/\/brunetons.fr\/index.php\/saint-nicolas-de-veroce\/\" class=\"more-link\">Continuer la lecture de <span class=\"screen-reader-text\">Saint-Nicolas de V\u00e9roce<\/span>  <span class=\"meta-nav\">&rarr;<\/span><\/a><\/p>\n","protected":false},"author":1,"featured_media":0,"parent":0,"menu_order":0,"comment_status":"closed","ping_status":"closed","template":"","meta":{"footnotes":""},"class_list":["post-63","page","type-page","status-publish","hentry"],"_links":{"self":[{"href":"https:\/\/brunetons.fr\/index.php\/wp-json\/wp\/v2\/pages\/63","targetHints":{"allow":["GET"]}}],"collection":[{"href":"https:\/\/brunetons.fr\/index.php\/wp-json\/wp\/v2\/pages"}],"about":[{"href":"https:\/\/brunetons.fr\/index.php\/wp-json\/wp\/v2\/types\/page"}],"author":[{"embeddable":true,"href":"https:\/\/brunetons.fr\/index.php\/wp-json\/wp\/v2\/users\/1"}],"replies":[{"embeddable":true,"href":"https:\/\/brunetons.fr\/index.php\/wp-json\/wp\/v2\/comments?post=63"}],"version-history":[{"count":4,"href":"https:\/\/brunetons.fr\/index.php\/wp-json\/wp\/v2\/pages\/63\/revisions"}],"predecessor-version":[{"id":251,"href":"https:\/\/brunetons.fr\/index.php\/wp-json\/wp\/v2\/pages\/63\/revisions\/251"}],"wp:attachment":[{"href":"https:\/\/brunetons.fr\/index.php\/wp-json\/wp\/v2\/media?parent=63"}],"curies":[{"name":"wp","href":"https:\/\/api.w.org\/{rel}","templated":true}]}}